{"id":4,"date":"2016-01-28T20:14:56","date_gmt":"2016-01-28T20:14:56","guid":{"rendered":"http:\/\/www.acarlosmagro.com.pt\/?page_id=4"},"modified":"2016-01-29T20:21:16","modified_gmt":"2016-01-29T20:21:16","slug":"quem-somos","status":"publish","type":"page","link":"http:\/\/www.acarlosmagro.com.pt\/?page_id=4","title":{"rendered":"Quem Somos"},"content":{"rendered":"<p>Empresa inovadora sediada em Estremoz, que efetua projetos de gest\u00e3o de energia, que levam \u00e0 redu\u00e7\u00e3o dos custos energ\u00e9ticos em instala\u00e7\u00f5es Industriais, Comerciais e Hoteleiras.<\/p>\n<p>Numa altura em que conta j\u00e1 com mais de\u00a01000 clientes, a empresa mant\u00e9m ainda uma posi\u00e7\u00e3o de lideran\u00e7a a n\u00edvel regional, apresentando o mesmo esp\u00edrito jovem e din\u00e2mico com que se apresentou aquando da sua cria\u00e7\u00e3o, em 1982, quando foi Criada\u00a0pelo Sr. Ant\u00f3nio Carlos Magro.<\/p>\n<p>Nos dias de hoje, a empresa evoluiu bastante, tendo utilizado a experi\u00eancia acumulada ao longo de d\u00e9cadas para expandir a sua \u00e1rea de neg\u00f3cios dedicando-se adicionalmente \u00e0 comercializa\u00e7\u00e3o de equipamentos usados.<\/p>\n<p>Os nossos equipamentos, recondicionados, s\u00e3o inspecionados e reparados de forma exaustiva de forma a que o seu desempenho obtenha a maior efic\u00e1cia ao mais baixo custo.<\/p>\n","protected":false},"excerpt":{"rendered":"<p>Empresa inovadora sediada em Estremoz, que efetua projetos de gest\u00e3o de energia, que levam \u00e0 redu\u00e7\u00e3o dos custos energ\u00e9ticos em instala\u00e7\u00f5es Industriais, Comerciais e Hoteleiras. Numa altura em que conta j\u00e1 com mais de\u00a01000 clientes, a empresa mant\u00e9m ainda uma posi\u00e7\u00e3o de lideran\u00e7a a n\u00edvel regional, apresentando o mesmo esp\u00edrito jovem e din\u00e2mico com que [&hellip;]<\/p>\n","protected":false},"author":1,"featured_media":0,"parent":0,"menu_order":0,"comment_status":"closed","ping_status":"closed","template":"","meta":{"footnotes":""},"class_list":["post-4","page","type-page","status-publish","hentry"],"_links":{"self":[{"href":"http:\/\/www.acarlosmagro.com.pt\/index.php?rest_route=\/wp\/v2\/pages\/4","targetHints":{"allow":["GET"]}}],"collection":[{"href":"http:\/\/www.acarlosmagro.com.pt\/index.php?rest_route=\/wp\/v2\/pages"}],"about":[{"href":"http:\/\/www.acarlosmagro.com.pt\/index.php?rest_route=\/wp\/v2\/types\/page"}],"author":[{"embeddable":true,"href":"http:\/\/www.acarlosmagro.com.pt\/index.php?rest_route=\/wp\/v2\/users\/1"}],"replies":[{"embeddable":true,"href":"http:\/\/www.acarlosmagro.com.pt\/index.php?rest_route=%2Fwp%2Fv2%2Fcomments&post=4"}],"version-history":[{"count":1,"href":"http:\/\/www.acarlosmagro.com.pt\/index.php?rest_route=\/wp\/v2\/pages\/4\/revisions"}],"predecessor-version":[{"id":5,"href":"http:\/\/www.acarlosmagro.com.pt\/index.php?rest_route=\/wp\/v2\/pages\/4\/revisions\/5"}],"wp:attachment":[{"href":"http:\/\/www.acarlosmagro.com.pt\/index.php?rest_route=%2Fwp%2Fv2%2Fmedia&parent=4"}],"curies":[{"name":"wp","href":"https:\/\/api.w.org\/{rel}","templated":true}]}}