{"id":6,"date":"2016-01-29T20:18:35","date_gmt":"2016-01-29T20:18:35","guid":{"rendered":"http:\/\/www.acarlosmagro.com.pt\/?page_id=6"},"modified":"2016-01-29T20:39:53","modified_gmt":"2016-01-29T20:39:53","slug":"o-que-fazemos","status":"publish","type":"page","link":"http:\/\/www.acarlosmagro.com.pt\/?page_id=6","title":{"rendered":"O que fazemos"},"content":{"rendered":"<p>Efectuamos diagn\u00f3stico da situa\u00e7\u00e3o encontrada, elaboramos o projecto, e executamos por forma a racionalizar a energia, garantindo o retorno do investimento.<\/p>\n<p>O nosso &#8220;know-how&#8221; foi adquirido ao longo do tempo nesta \u00e1rea de atividade, havendo a preocupa\u00e7\u00e3o constante na melhoria e na procura da melhor solu\u00e7\u00e3o para cada cliente.<\/p>\n<p>No \u00e2mbito da atividade de comercializa\u00e7\u00e3o de produtos recondicionados,\u00a0tratamos de todas as diligencias necess\u00e1rias ao recondicionamento dos mesmos, garantindo a sua inspe\u00e7\u00e3o\u00a0e repara\u00e7\u00e3o de forma exaustiva no sentido de garantir que o\u00a0seu desempenho obtenha a maior efic\u00e1cia ao mais baixo custo aquando da sua entrega aos nossos clientes.<\/p>\n<ul>\n<li>Comercializa\u00e7\u00e3o de equipamento novo.<\/li>\n<li>Compra e Venda de Equipamento Hoteleiro usado.<\/li>\n<li>Bancadas, Grelhadores e Hottes por medida.<\/li>\n<li>Aluguer de Equipamento para Eventos.<\/li>\n<li>Garantia e Assist\u00eancia T\u00e9cnica.<\/li>\n<li>Entrega e Montagem em todo o Pa\u00eds<\/li>\n<li>Entrega fora do Pa\u00eds (sendo o pre\u00e7o a ser acordado com o cliente, mediante a dist\u00e2ncia).<\/li>\n<li>Or\u00e7amentos Gratuitos.<\/li>\n<li>Montagem de Extra\u00e7\u00e3o de Fumos e Ar Condicionado.<\/li>\n<li>Corte e Quinagem.<\/li>\n<li>Aceitam-se retomas na aquisi\u00e7\u00e3o de equipamentos.<\/li>\n<\/ul>\n","protected":false},"excerpt":{"rendered":"<p>Efectuamos diagn\u00f3stico da situa\u00e7\u00e3o encontrada, elaboramos o projecto, e executamos por forma a racionalizar a energia, garantindo o retorno do investimento. O nosso &#8220;know-how&#8221; foi adquirido ao longo do tempo nesta \u00e1rea de atividade, havendo a preocupa\u00e7\u00e3o constante na melhoria e na procura da melhor solu\u00e7\u00e3o para cada cliente. No \u00e2mbito da atividade de comercializa\u00e7\u00e3o [&hellip;]<\/p>\n","protected":false},"author":1,"featured_media":0,"parent":0,"menu_order":0,"comment_status":"closed","ping_status":"closed","template":"","meta":{"footnotes":""},"class_list":["post-6","page","type-page","status-publish","hentry"],"_links":{"self":[{"href":"http:\/\/www.acarlosmagro.com.pt\/index.php?rest_route=\/wp\/v2\/pages\/6","targetHints":{"allow":["GET"]}}],"collection":[{"href":"http:\/\/www.acarlosmagro.com.pt\/index.php?rest_route=\/wp\/v2\/pages"}],"about":[{"href":"http:\/\/www.acarlosmagro.com.pt\/index.php?rest_route=\/wp\/v2\/types\/page"}],"author":[{"embeddable":true,"href":"http:\/\/www.acarlosmagro.com.pt\/index.php?rest_route=\/wp\/v2\/users\/1"}],"replies":[{"embeddable":true,"href":"http:\/\/www.acarlosmagro.com.pt\/index.php?rest_route=%2Fwp%2Fv2%2Fcomments&post=6"}],"version-history":[{"count":3,"href":"http:\/\/www.acarlosmagro.com.pt\/index.php?rest_route=\/wp\/v2\/pages\/6\/revisions"}],"predecessor-version":[{"id":12,"href":"http:\/\/www.acarlosmagro.com.pt\/index.php?rest_route=\/wp\/v2\/pages\/6\/revisions\/12"}],"wp:attachment":[{"href":"http:\/\/www.acarlosmagro.com.pt\/index.php?rest_route=%2Fwp%2Fv2%2Fmedia&parent=6"}],"curies":[{"name":"wp","href":"https:\/\/api.w.org\/{rel}","templated":true}]}}